{"id":5932,"date":"2024-03-11T17:35:11","date_gmt":"2024-03-11T17:35:11","guid":{"rendered":"https:\/\/www.duquedebedout.com\/sitioweb\/?page_id=5932"},"modified":"2024-03-11T18:08:22","modified_gmt":"2024-03-11T18:08:22","slug":"cotizaciones","status":"publish","type":"page","link":"https:\/\/www.duquedebedout.com\/sitioweb\/cotizaciones\/","title":{"rendered":"Cotizaciones"},"content":{"rendered":"\t\t<div data-elementor-type=\"wp-page\" data-elementor-id=\"5932\" class=\"elementor elementor-5932\">\n\t\t\t\t\t\t<section class=\"elementor-section elementor-top-section elementor-element elementor-element-398b0d1 elementor-section-full_width elementor-section-height-default elementor-section-height-default\" data-id=\"398b0d1\" data-element_type=\"section\">\n\t\t\t\t\t\t<div class=\"elementor-container elementor-column-gap-default\">\n\t\t\t\t\t<div class=\"elementor-column elementor-col-100 elementor-top-column elementor-element elementor-element-1e245c9\" data-id=\"1e245c9\" data-element_type=\"column\" data-settings=\"{&quot;background_background&quot;:&quot;slideshow&quot;,&quot;background_slideshow_gallery&quot;:[{&quot;id&quot;:6028,&quot;url&quot;:&quot;http:\\\/\\\/www.duquedebedout.com\\\/sitioweb\\\/wp-content\\\/uploads\\\/2024\\\/03\\\/slider5.jpg&quot;}],&quot;background_slideshow_loop&quot;:&quot;yes&quot;,&quot;background_slideshow_slide_duration&quot;:5000,&quot;background_slideshow_slide_transition&quot;:&quot;fade&quot;,&quot;background_slideshow_transition_duration&quot;:500}\">\n\t\t\t<div class=\"elementor-widget-wrap elementor-element-populated\">\n\t\t\t\t<div class=\"elementor-element elementor-element-a231a10 e-flex e-con-boxed e-con e-parent\" data-id=\"a231a10\" data-element_type=\"container\" data-settings=\"{&quot;background_background&quot;:&quot;slideshow&quot;,&quot;background_slideshow_gallery&quot;:[],&quot;background_slideshow_loop&quot;:&quot;yes&quot;,&quot;background_slideshow_slide_duration&quot;:5000,&quot;background_slideshow_slide_transition&quot;:&quot;fade&quot;,&quot;background_slideshow_transition_duration&quot;:500}\" data-core-v316-plus=\"true\">\n\t\t\t\t\t<div class=\"e-con-inner\">\n\t\t\t\t<div class=\"elementor-element elementor-element-bc9fb00 align-left heading-style-1 elementor-widget elementor-widget-mae-headings\" data-id=\"bc9fb00\" data-element_type=\"widget\" data-widget_type=\"mae-headings.default\">\n\t\t\t\t<div class=\"elementor-widget-container\">\n\t\t\t\t\t<div class=\"master-heading sep-none\">\n\t\t\t\t\t\t\t        \n\t        \n\t        \t        <h2 class=\"main-heading\">Es esencial que estemos en contacto<\/h2>\n\t        \n\t        \n\t        \t    <\/div>\n\t    \t\t<\/div>\n\t\t\t\t<\/div>\n\t\t\t\t\t<\/div>\n\t\t\t\t<\/div>\n\t\t\t\t\t<\/div>\n\t\t<\/div>\n\t\t\t\t\t<\/div>\n\t\t<\/section>\n\t\t\t\t<section class=\"elementor-section elementor-top-section elementor-element elementor-element-cb719a3 elementor-section-boxed elementor-section-height-default elementor-section-height-default\" data-id=\"cb719a3\" data-element_type=\"section\">\n\t\t\t\t\t\t<div class=\"elementor-container elementor-column-gap-default\">\n\t\t\t\t\t<div class=\"elementor-column elementor-col-100 elementor-top-column elementor-element elementor-element-4cabec3\" data-id=\"4cabec3\" data-element_type=\"column\">\n\t\t\t<div class=\"elementor-widget-wrap elementor-element-populated\">\n\t\t\t\t\t\t<div class=\"elementor-element elementor-element-854fca0 heading-default elementor-widget elementor-widget-mae-headings\" data-id=\"854fca0\" data-element_type=\"widget\" data-widget_type=\"mae-headings.default\">\n\t\t\t\t<div class=\"elementor-widget-container\">\n\t\t\t\t\t<div class=\"master-heading sep-none\">\n\t\t\t\t\t\t\t        \n\t        \n\t        \t        <h2 class=\"main-heading\">Queremos ofrecerte la mejor asesor\u00eda y una protecci\u00f3n esencial, escr\u00edbenos para darte una atenci\u00f3n personalizada con soluciones que se adapten sus necesidades.<\/h2>\n\t        \n\t        \n\t        \t    <\/div>\n\t    \t\t<\/div>\n\t\t\t\t<\/div>\n\t\t\t\t\t<\/div>\n\t\t<\/div>\n\t\t\t\t\t<\/div>\n\t\t<\/section>\n\t\t<div class=\"elementor-element elementor-element-f4bd1c4 e-flex e-con-boxed e-con e-parent\" data-id=\"f4bd1c4\" data-element_type=\"container\" data-core-v316-plus=\"true\">\n\t\t\t\t\t<div class=\"e-con-inner\">\n\t\t<div class=\"elementor-element elementor-element-eedcb00 e-con-full e-flex e-con e-child\" data-id=\"eedcb00\" data-element_type=\"container\">\n\t\t\t\t<div class=\"elementor-element elementor-element-b8efd6c elementor-widget elementor-widget-shortcode\" data-id=\"b8efd6c\" data-element_type=\"widget\" data-widget_type=\"shortcode.default\">\n\t\t\t\t<div class=\"elementor-widget-container\">\n\t\t\t\t\t<div class=\"elementor-shortcode\">\n<div class=\"wpcf7 no-js\" id=\"wpcf7-f5910-o1\" lang=\"es-ES\" dir=\"ltr\">\n<div class=\"screen-reader-response\"><p role=\"status\" aria-live=\"polite\" aria-atomic=\"true\"><\/p> <ul><\/ul><\/div>\n<form action=\"\/sitioweb\/wp-json\/wp\/v2\/pages\/5932#wpcf7-f5910-o1\" method=\"post\" class=\"wpcf7-form init\" aria-label=\"Formulario de contacto\" novalidate=\"novalidate\" data-status=\"init\">\n<div style=\"display: none;\">\n<input type=\"hidden\" name=\"_wpcf7\" value=\"5910\" \/>\n<input type=\"hidden\" name=\"_wpcf7_version\" value=\"5.9\" \/>\n<input type=\"hidden\" name=\"_wpcf7_locale\" value=\"es_ES\" \/>\n<input type=\"hidden\" name=\"_wpcf7_unit_tag\" value=\"wpcf7-f5910-o1\" \/>\n<input type=\"hidden\" name=\"_wpcf7_container_post\" value=\"0\" \/>\n<input type=\"hidden\" name=\"_wpcf7_posted_data_hash\" value=\"\" \/>\n<\/div>\n<table width=\"100%\" border=\"0\">\n<tr><td><label>Solicitud:<\/td><td colspan=\"3\"><span class=\"wpcf7-form-control-wrap\" data-name=\"tipodestino\"><select class=\"wpcf7-form-control wpcf7-select wpcf7-validates-as-required\" aria-required=\"true\" aria-invalid=\"false\" name=\"tipodestino\"><option value=\"Operaciones\">Operaciones<\/option><option value=\"Seguros para personas\">Seguros para personas<\/option><option value=\"Seguros para empresas\">Seguros para empresas<\/option><\/select><\/span><\/label><\/td><\/tr>\n<tr>\n<td><label>Nombre:<\/td><td><span class=\"wpcf7-form-control-wrap\" data-name=\"Nombre\"><input size=\"40\" class=\"wpcf7-form-control wpcf7-text wpcf7-validates-as-required\" autocomplete=\"name\" aria-required=\"true\" aria-invalid=\"false\" value=\"\" type=\"text\" name=\"Nombre\" \/><\/span> <\/label><\/td>\n<td><label> Email:<\/td><td><span class=\"wpcf7-form-control-wrap\" data-name=\"Email\"><input size=\"40\" class=\"wpcf7-form-control wpcf7-email wpcf7-validates-as-required wpcf7-text wpcf7-validates-as-email\" autocomplete=\"email\" aria-required=\"true\" aria-invalid=\"false\" value=\"\" type=\"email\" name=\"Email\" \/><\/span> <\/label><\/td><\/tr>\n<tr>\n<td><label>Tel\u00e9fono:<\/td><td><span class=\"wpcf7-form-control-wrap\" data-name=\"Telefono\"><input size=\"40\" class=\"wpcf7-form-control wpcf7-tel wpcf7-text wpcf7-validates-as-tel\" aria-invalid=\"false\" value=\"\" type=\"tel\" name=\"Telefono\" \/><\/span><\/label><\/td>\n<td><label> Asunto:<\/td><td><span class=\"wpcf7-form-control-wrap\" data-name=\"Asunto\"><input size=\"40\" class=\"wpcf7-form-control wpcf7-text wpcf7-validates-as-required\" aria-required=\"true\" aria-invalid=\"false\" value=\"\" type=\"text\" name=\"Asunto\" \/><\/span> <\/label><\/td>\n<\/tr>\n<tr>\n<td><label>Mensaje:<\/td><td colspan=\"3\"><span class=\"wpcf7-form-control-wrap\" data-name=\"Mensaje\"><textarea cols=\"40\" rows=\"10\" class=\"wpcf7-form-control wpcf7-textarea\" aria-invalid=\"false\" name=\"Mensaje\"><\/textarea><\/span>  <\/label><\/td>\n<\/tr>\n<tr>\n<td colspan=\"4\"><input class=\"wpcf7-form-control wpcf7-submit has-spinner\" type=\"submit\" value=\"Enviar\" \/><\/td><td><\/td>\n<\/tr>\n<\/table><div class=\"wpcf7-response-output\" aria-hidden=\"true\"><\/div>\n<\/form>\n<\/div>\n<\/div>\n\t\t\t\t<\/div>\n\t\t\t\t<\/div>\n\t\t\t\t<\/div>\n\t\t\t\t\t<\/div>\n\t\t\t\t<\/div>\n\t\t\t\t<section class=\"elementor-section elementor-top-section elementor-element elementor-element-ee7f253 elementor-section-boxed elementor-section-height-default elementor-section-height-default\" data-id=\"ee7f253\" data-element_type=\"section\">\n\t\t\t\t\t\t<div class=\"elementor-container elementor-column-gap-default\">\n\t\t\t\t\t<div class=\"elementor-column elementor-col-50 elementor-top-column elementor-element elementor-element-7aec544\" data-id=\"7aec544\" data-element_type=\"column\">\n\t\t\t<div class=\"elementor-widget-wrap elementor-element-populated\">\n\t\t\t\t\t\t<div class=\"elementor-element elementor-element-2973fe0 heading-default elementor-widget elementor-widget-mae-headings\" data-id=\"2973fe0\" data-element_type=\"widget\" data-widget_type=\"mae-headings.default\">\n\t\t\t\t<div class=\"elementor-widget-container\">\n\t\t\t\t\t<div class=\"master-heading sep-none\">\n\t\t\t\t\t\t\t        \n\t        \n\t        \t        <h2 class=\"main-heading\">Personas<\/h2>\n\t        \n\t        \n\t        \t    <\/div>\n\t    \t\t<\/div>\n\t\t\t\t<\/div>\n\t\t\t\t<div class=\"elementor-element elementor-element-b22eaa9 icon-position-left icon-box-default elementor-widget elementor-widget-mae-icon-box\" data-id=\"b22eaa9\" data-element_type=\"widget\" data-widget_type=\"mae-icon-box.default\">\n\t\t\t\t<div class=\"elementor-widget-container\">\n\t\t\t                <div class=\"master-icon-box\" >\n                        \n            <div class=\"inner\">\n                <div class=\"icon-wrap\"><div class=\"master-icon\"><svg xmlns=\"http:\/\/www.w3.org\/2000\/svg\" xmlns:xlink=\"http:\/\/www.w3.org\/1999\/xlink\" x=\"0px\" y=\"0px\" viewBox=\"0 0 512 512\" style=\"enable-background:new 0 0 512 512;\" xml:space=\"preserve\"><g>\t<g>\t\t<path d=\"M499.161,170.733L341.257,12.828c-17.091-17.091-44.901-17.091-61.992,0L32.839,259.255   c-8.545,8.546-12.818,19.771-12.818,30.996c0,11.225,4.273,22.45,12.818,30.996l39.619,39.619l-43.503,43.503   c-1.953,1.953-2.929,4.512-2.929,7.071s0.976,5.118,2.929,7.071c3.905,3.905,10.237,3.906,14.142,0L86.6,375.008l18.119,18.12   L2.929,494.919C0.976,496.871,0,499.431,0,501.99c0,2.559,0.976,5.119,2.929,7.071c3.905,3.905,10.237,3.905,14.143,0   L118.863,407.27l71.88,71.881c17.092,17.09,44.901,17.09,61.992,0l246.426-246.427C507.44,224.446,512,213.437,512,201.729   C512,190.02,507.44,179.012,499.161,170.733z M214.473,470.833c-3.508-1.117-6.811-3.046-9.589-5.824L46.981,307.105   c-6.231-6.232-8.263-15.079-6.138-23.036h173.63V470.833z M178.326,264.069l29.653-29.653c3.905-3.905,3.906-10.237,0-14.142   c-3.906-3.905-10.237-3.906-14.142,0l-43.796,43.795h-29.135l90.406-90.406c3.904-3.905,3.905-10.237,0-14.143   c-3.905-3.905-10.237-3.905-14.143,0L92.622,264.069H56.31l227.769-227.77v203.935c0,13.143-10.692,23.835-23.835,23.835H178.326z    M485.02,218.583L238.593,465.009c-1.271,1.271-2.659,2.352-4.119,3.276V284.069h25.771c24.17,0,43.835-19.664,43.835-43.835   v-25.771h114.624l-57.867,57.868c-1.952,1.952-2.929,4.512-2.929,7.071c0,2.56,0.976,5.118,2.929,7.071   c3.905,3.905,10.237,3.905,14.143,0l72.002-72.002c0.002-0.002,0.004-0.005,0.006-0.007h41.328   C487.381,215.937,486.284,217.32,485.02,218.583z M304.079,194.463V20.833c7.958-2.125,16.805-0.093,23.036,6.138l157.904,157.904   c2.732,2.731,4.713,6.01,5.853,9.588H304.079z\"><\/path>\t<\/g><\/g><g>\t<g>\t\t<path d=\"M235.79,135.05c-1.86-1.87-4.44-2.93-7.07-2.93c-2.64,0-5.21,1.06-7.07,2.93c-1.86,1.86-2.93,4.43-2.93,7.07   c0,2.63,1.07,5.21,2.93,7.07c1.86,1.86,4.43,2.93,7.07,2.93c2.63,0,5.21-1.07,7.07-2.93s2.93-4.44,2.93-7.07   C238.72,139.48,237.65,136.91,235.79,135.05z\"><\/path>\t<\/g><\/g><g>\t<g>\t\t<path d=\"M17.11,430.35c-1.86-1.86-4.44-2.93-7.07-2.93s-5.21,1.07-7.07,2.93c-1.86,1.86-2.93,4.44-2.93,7.07s1.07,5.21,2.93,7.07   c1.86,1.86,4.44,2.93,7.07,2.93c2.64,0,5.21-1.07,7.07-2.93c1.87-1.86,2.93-4.44,2.93-7.07S18.98,432.21,17.11,430.35z\"><\/path>\t<\/g><\/g><g>\t<g>\t\t<path d=\"M127.018,449.497c-3.906-3.905-10.238-3.905-14.143,0l-45.416,45.416c-1.952,1.952-2.929,4.512-2.929,7.071   c0,2.559,0.976,5.119,2.929,7.072c3.906,3.905,10.238,3.905,14.143,0l45.416-45.416   C130.922,459.734,130.922,453.402,127.018,449.497z\"><\/path>\t<\/g><\/g><g><\/g><g><\/g><g><\/g><g><\/g><g><\/g><g><\/g><g><\/g><g><\/g><g><\/g><g><\/g><g><\/g><g><\/g><g><\/g><g><\/g><g><\/g><\/svg><\/div><\/div>\n                <div class=\"text-wrap\">\n                    <div class=\"desc\">Email<\/div>            <div class=\"url-wrap\">\n                <a class=\"master-link  icon-right\" href=\"mailto:personas@duquedebedout.com\">\n                                        <span>personas@duquedebedout.com<\/span>\n                    <span class=\"icon fas fa-arrow-right\"><\/span>                <\/a>\n            <\/div>\n\n                            <\/div>\n            <\/div>\n\n            <div class=\"bg-static\"><\/div>        <\/div>\n        \t\t<\/div>\n\t\t\t\t<\/div>\n\t\t\t\t<div class=\"elementor-element elementor-element-6d8be40 icon-position-left icon-box-default elementor-widget elementor-widget-mae-icon-box\" data-id=\"6d8be40\" data-element_type=\"widget\" data-widget_type=\"mae-icon-box.default\">\n\t\t\t\t<div class=\"elementor-widget-container\">\n\t\t\t                <div class=\"master-icon-box\" >\n                        \n            <div class=\"inner\">\n                <div class=\"icon-wrap\"><div class=\"master-icon\"><svg aria-hidden=\"true\" class=\"e-font-icon-svg e-fab-whatsapp\" viewBox=\"0 0 448 512\" xmlns=\"http:\/\/www.w3.org\/2000\/svg\"><path d=\"M380.9 97.1C339 55.1 283.2 32 223.9 32c-122.4 0-222 99.6-222 222 0 39.1 10.2 77.3 29.6 111L0 480l117.7-30.9c32.4 17.7 68.9 27 106.1 27h.1c122.3 0 224.1-99.6 224.1-222 0-59.3-25.2-115-67.1-157zm-157 341.6c-33.2 0-65.7-8.9-94-25.7l-6.7-4-69.8 18.3L72 359.2l-4.4-7c-18.5-29.4-28.2-63.3-28.2-98.2 0-101.7 82.8-184.5 184.6-184.5 49.3 0 95.6 19.2 130.4 54.1 34.8 34.9 56.2 81.2 56.1 130.5 0 101.8-84.9 184.6-186.6 184.6zm101.2-138.2c-5.5-2.8-32.8-16.2-37.9-18-5.1-1.9-8.8-2.8-12.5 2.8-3.7 5.6-14.3 18-17.6 21.8-3.2 3.7-6.5 4.2-12 1.4-32.6-16.3-54-29.1-75.5-66-5.7-9.8 5.7-9.1 16.3-30.3 1.8-3.7.9-6.9-.5-9.7-1.4-2.8-12.5-30.1-17.1-41.2-4.5-10.8-9.1-9.3-12.5-9.5-3.2-.2-6.9-.2-10.6-.2-3.7 0-9.7 1.4-14.8 6.9-5.1 5.6-19.4 19-19.4 46.3 0 27.3 19.9 53.7 22.6 57.4 2.8 3.7 39.1 59.7 94.8 83.8 35.2 15.2 49 16.5 66.6 13.9 10.7-1.6 32.8-13.4 37.4-26.4 4.6-13 4.6-24.1 3.2-26.4-1.3-2.5-5-3.9-10.5-6.6z\"><\/path><\/svg><\/div><\/div>\n                <div class=\"text-wrap\">\n                    <div class=\"desc\">Whatsapp<\/div>            <div class=\"url-wrap\">\n                <a class=\"master-link  icon-right\" href=\"https:\/\/wa.me\/573208126989\">\n                                        <span>+57 320 812 6989<\/span>\n                    <span class=\"icon fas fa-arrow-right\"><\/span>                <\/a>\n            <\/div>\n\n                            <\/div>\n            <\/div>\n\n            <div class=\"bg-static\"><\/div>        <\/div>\n        \t\t<\/div>\n\t\t\t\t<\/div>\n\t\t\t\t\t<\/div>\n\t\t<\/div>\n\t\t\t\t<div class=\"elementor-column elementor-col-50 elementor-top-column elementor-element elementor-element-8693046\" data-id=\"8693046\" data-element_type=\"column\">\n\t\t\t<div class=\"elementor-widget-wrap elementor-element-populated\">\n\t\t\t\t\t\t<div class=\"elementor-element elementor-element-33fb3f5 heading-default elementor-widget elementor-widget-mae-headings\" data-id=\"33fb3f5\" data-element_type=\"widget\" data-widget_type=\"mae-headings.default\">\n\t\t\t\t<div class=\"elementor-widget-container\">\n\t\t\t\t\t<div class=\"master-heading sep-none\">\n\t\t\t\t\t\t\t        \n\t        \n\t        \t        <h2 class=\"main-heading\">Empresas<\/h2>\n\t        \n\t        \n\t        \t    <\/div>\n\t    \t\t<\/div>\n\t\t\t\t<\/div>\n\t\t\t\t<div class=\"elementor-element elementor-element-13c1689 icon-position-left icon-box-default elementor-widget elementor-widget-mae-icon-box\" data-id=\"13c1689\" data-element_type=\"widget\" data-widget_type=\"mae-icon-box.default\">\n\t\t\t\t<div class=\"elementor-widget-container\">\n\t\t\t                <div class=\"master-icon-box\" >\n                        \n            <div class=\"inner\">\n                <div class=\"icon-wrap\"><div class=\"master-icon\"><svg xmlns=\"http:\/\/www.w3.org\/2000\/svg\" xmlns:xlink=\"http:\/\/www.w3.org\/1999\/xlink\" x=\"0px\" y=\"0px\" viewBox=\"0 0 512 512\" style=\"enable-background:new 0 0 512 512;\" xml:space=\"preserve\"><g>\t<g>\t\t<path d=\"M499.161,170.733L341.257,12.828c-17.091-17.091-44.901-17.091-61.992,0L32.839,259.255   c-8.545,8.546-12.818,19.771-12.818,30.996c0,11.225,4.273,22.45,12.818,30.996l39.619,39.619l-43.503,43.503   c-1.953,1.953-2.929,4.512-2.929,7.071s0.976,5.118,2.929,7.071c3.905,3.905,10.237,3.906,14.142,0L86.6,375.008l18.119,18.12   L2.929,494.919C0.976,496.871,0,499.431,0,501.99c0,2.559,0.976,5.119,2.929,7.071c3.905,3.905,10.237,3.905,14.143,0   L118.863,407.27l71.88,71.881c17.092,17.09,44.901,17.09,61.992,0l246.426-246.427C507.44,224.446,512,213.437,512,201.729   C512,190.02,507.44,179.012,499.161,170.733z M214.473,470.833c-3.508-1.117-6.811-3.046-9.589-5.824L46.981,307.105   c-6.231-6.232-8.263-15.079-6.138-23.036h173.63V470.833z M178.326,264.069l29.653-29.653c3.905-3.905,3.906-10.237,0-14.142   c-3.906-3.905-10.237-3.906-14.142,0l-43.796,43.795h-29.135l90.406-90.406c3.904-3.905,3.905-10.237,0-14.143   c-3.905-3.905-10.237-3.905-14.143,0L92.622,264.069H56.31l227.769-227.77v203.935c0,13.143-10.692,23.835-23.835,23.835H178.326z    M485.02,218.583L238.593,465.009c-1.271,1.271-2.659,2.352-4.119,3.276V284.069h25.771c24.17,0,43.835-19.664,43.835-43.835   v-25.771h114.624l-57.867,57.868c-1.952,1.952-2.929,4.512-2.929,7.071c0,2.56,0.976,5.118,2.929,7.071   c3.905,3.905,10.237,3.905,14.143,0l72.002-72.002c0.002-0.002,0.004-0.005,0.006-0.007h41.328   C487.381,215.937,486.284,217.32,485.02,218.583z M304.079,194.463V20.833c7.958-2.125,16.805-0.093,23.036,6.138l157.904,157.904   c2.732,2.731,4.713,6.01,5.853,9.588H304.079z\"><\/path>\t<\/g><\/g><g>\t<g>\t\t<path d=\"M235.79,135.05c-1.86-1.87-4.44-2.93-7.07-2.93c-2.64,0-5.21,1.06-7.07,2.93c-1.86,1.86-2.93,4.43-2.93,7.07   c0,2.63,1.07,5.21,2.93,7.07c1.86,1.86,4.43,2.93,7.07,2.93c2.63,0,5.21-1.07,7.07-2.93s2.93-4.44,2.93-7.07   C238.72,139.48,237.65,136.91,235.79,135.05z\"><\/path>\t<\/g><\/g><g>\t<g>\t\t<path d=\"M17.11,430.35c-1.86-1.86-4.44-2.93-7.07-2.93s-5.21,1.07-7.07,2.93c-1.86,1.86-2.93,4.44-2.93,7.07s1.07,5.21,2.93,7.07   c1.86,1.86,4.44,2.93,7.07,2.93c2.64,0,5.21-1.07,7.07-2.93c1.87-1.86,2.93-4.44,2.93-7.07S18.98,432.21,17.11,430.35z\"><\/path>\t<\/g><\/g><g>\t<g>\t\t<path d=\"M127.018,449.497c-3.906-3.905-10.238-3.905-14.143,0l-45.416,45.416c-1.952,1.952-2.929,4.512-2.929,7.071   c0,2.559,0.976,5.119,2.929,7.072c3.906,3.905,10.238,3.905,14.143,0l45.416-45.416   C130.922,459.734,130.922,453.402,127.018,449.497z\"><\/path>\t<\/g><\/g><g><\/g><g><\/g><g><\/g><g><\/g><g><\/g><g><\/g><g><\/g><g><\/g><g><\/g><g><\/g><g><\/g><g><\/g><g><\/g><g><\/g><g><\/g><\/svg><\/div><\/div>\n                <div class=\"text-wrap\">\n                    <div class=\"desc\">Email<\/div>            <div class=\"url-wrap\">\n                <a class=\"master-link  icon-right\" href=\"mailto:empresas@duquedebedout.com\">\n                                        <span>empresas@duquedebedout.com<\/span>\n                    <span class=\"icon fas fa-arrow-right\"><\/span>                <\/a>\n            <\/div>\n\n                            <\/div>\n            <\/div>\n\n            <div class=\"bg-static\"><\/div>        <\/div>\n        \t\t<\/div>\n\t\t\t\t<\/div>\n\t\t\t\t<div class=\"elementor-element elementor-element-63dec7f icon-position-left icon-box-default elementor-widget elementor-widget-mae-icon-box\" data-id=\"63dec7f\" data-element_type=\"widget\" data-widget_type=\"mae-icon-box.default\">\n\t\t\t\t<div class=\"elementor-widget-container\">\n\t\t\t                <div class=\"master-icon-box\" >\n                        \n            <div class=\"inner\">\n                <div class=\"icon-wrap\"><div class=\"master-icon\"><svg aria-hidden=\"true\" class=\"e-font-icon-svg e-fab-whatsapp\" viewBox=\"0 0 448 512\" xmlns=\"http:\/\/www.w3.org\/2000\/svg\"><path d=\"M380.9 97.1C339 55.1 283.2 32 223.9 32c-122.4 0-222 99.6-222 222 0 39.1 10.2 77.3 29.6 111L0 480l117.7-30.9c32.4 17.7 68.9 27 106.1 27h.1c122.3 0 224.1-99.6 224.1-222 0-59.3-25.2-115-67.1-157zm-157 341.6c-33.2 0-65.7-8.9-94-25.7l-6.7-4-69.8 18.3L72 359.2l-4.4-7c-18.5-29.4-28.2-63.3-28.2-98.2 0-101.7 82.8-184.5 184.6-184.5 49.3 0 95.6 19.2 130.4 54.1 34.8 34.9 56.2 81.2 56.1 130.5 0 101.8-84.9 184.6-186.6 184.6zm101.2-138.2c-5.5-2.8-32.8-16.2-37.9-18-5.1-1.9-8.8-2.8-12.5 2.8-3.7 5.6-14.3 18-17.6 21.8-3.2 3.7-6.5 4.2-12 1.4-32.6-16.3-54-29.1-75.5-66-5.7-9.8 5.7-9.1 16.3-30.3 1.8-3.7.9-6.9-.5-9.7-1.4-2.8-12.5-30.1-17.1-41.2-4.5-10.8-9.1-9.3-12.5-9.5-3.2-.2-6.9-.2-10.6-.2-3.7 0-9.7 1.4-14.8 6.9-5.1 5.6-19.4 19-19.4 46.3 0 27.3 19.9 53.7 22.6 57.4 2.8 3.7 39.1 59.7 94.8 83.8 35.2 15.2 49 16.5 66.6 13.9 10.7-1.6 32.8-13.4 37.4-26.4 4.6-13 4.6-24.1 3.2-26.4-1.3-2.5-5-3.9-10.5-6.6z\"><\/path><\/svg><\/div><\/div>\n                <div class=\"text-wrap\">\n                    <div class=\"desc\">Whatsapp<\/div>            <div class=\"url-wrap\">\n                <a class=\"master-link  icon-right\" href=\"https:\/\/wa.me\/573208126989\">\n                                        <span>+57 320 812 6989<\/span>\n                    <span class=\"icon fas fa-arrow-right\"><\/span>                <\/a>\n            <\/div>\n\n                            <\/div>\n            <\/div>\n\n            <div class=\"bg-static\"><\/div>        <\/div>\n        \t\t<\/div>\n\t\t\t\t<\/div>\n\t\t\t\t\t<\/div>\n\t\t<\/div>\n\t\t\t\t\t<\/div>\n\t\t<\/section>\n\t\t\t\t<\/div>\n\t\t\n    <div class=\"xs_social_share_widget xs_share_url after_content \t\tmain_content  wslu-style-1 wslu-share-box-shaped wslu-fill-colored wslu-none wslu-share-horizontal wslu-theme-font-no wslu-main_content\">\n\n\t\t\n        <ul>\n\t\t\t        <\/ul>\n    <\/div> \n","protected":false},"excerpt":{"rendered":"<p>Es esencial que estemos en contacto Queremos ofrecerte la mejor asesor\u00eda y una protecci\u00f3n esencial, escr\u00edbenos para darte una atenci\u00f3n personalizada con soluciones que se adapten sus necesidades. Personas Email personas@duquedebedout.com Whatsapp +57 320 812 6989 Empresas Email empresas@duquedebedout.com Whatsapp +57 320 812 6989<\/p>\n","protected":false},"author":1,"featured_media":0,"parent":0,"menu_order":0,"comment_status":"closed","ping_status":"closed","template":"","meta":{"inline_featured_image":false,"footnotes":""},"_links":{"self":[{"href":"https:\/\/www.duquedebedout.com\/sitioweb\/wp-json\/wp\/v2\/pages\/5932"}],"collection":[{"href":"https:\/\/www.duquedebedout.com\/sitioweb\/wp-json\/wp\/v2\/pages"}],"about":[{"href":"https:\/\/www.duquedebedout.com\/sitioweb\/wp-json\/wp\/v2\/types\/page"}],"author":[{"embeddable":true,"href":"https:\/\/www.duquedebedout.com\/sitioweb\/wp-json\/wp\/v2\/users\/1"}],"replies":[{"embeddable":true,"href":"https:\/\/www.duquedebedout.com\/sitioweb\/wp-json\/wp\/v2\/comments?post=5932"}],"version-history":[{"count":7,"href":"https:\/\/www.duquedebedout.com\/sitioweb\/wp-json\/wp\/v2\/pages\/5932\/revisions"}],"predecessor-version":[{"id":6034,"href":"https:\/\/www.duquedebedout.com\/sitioweb\/wp-json\/wp\/v2\/pages\/5932\/revisions\/6034"}],"wp:attachment":[{"href":"https:\/\/www.duquedebedout.com\/sitioweb\/wp-json\/wp\/v2\/media?parent=5932"}],"curies":[{"name":"wp","href":"https:\/\/api.w.org\/{rel}","templated":true}]}}